{"id":2012,"date":"2016-02-13T18:28:44","date_gmt":"2016-02-13T17:28:44","guid":{"rendered":"http:\/\/www.campdeski.ch\/wp\/?page_id=2012"},"modified":"2016-02-13T20:55:34","modified_gmt":"2016-02-13T19:55:34","slug":"informations","status":"publish","type":"page","link":"https:\/\/www.campdeski.ch\/wp\/informations\/","title":{"rendered":"Informations"},"content":{"rendered":"<p><a href=\"http:\/\/www.campdeski.ch\/wp\/?page_id=134\">Informations g\u00e9n\u00e9rales : t\u00e9l\u00e9phones, urgences, contact, etc&#8230;<\/a><\/p>\n<p><a href=\"http:\/\/www.campdeski.ch\/wp\/?page_id=555\">Informations sur le mat\u00e9riel de ski\/snow<\/a><\/p>\n","protected":false},"excerpt":{"rendered":"<p>Informations g\u00e9n\u00e9rales : t\u00e9l\u00e9phones, urgences, contact, etc&#8230; Informations sur le mat\u00e9riel de ski\/snow<\/p>\n","protected":false},"author":1,"featured_media":0,"parent":0,"menu_order":0,"comment_status":"closed","ping_status":"closed","template":"","meta":{"ngg_post_thumbnail":0,"jetpack_post_was_ever_published":false,"footnotes":""},"jetpack_shortlink":"https:\/\/wp.me\/P7feXS-ws","jetpack_sharing_enabled":true,"_links":{"self":[{"href":"https:\/\/www.campdeski.ch\/wp\/wp-json\/wp\/v2\/pages\/2012"}],"collection":[{"href":"https:\/\/www.campdeski.ch\/wp\/wp-json\/wp\/v2\/pages"}],"about":[{"href":"https:\/\/www.campdeski.ch\/wp\/wp-json\/wp\/v2\/types\/page"}],"author":[{"embeddable":true,"href":"https:\/\/www.campdeski.ch\/wp\/wp-json\/wp\/v2\/users\/1"}],"replies":[{"embeddable":true,"href":"https:\/\/www.campdeski.ch\/wp\/wp-json\/wp\/v2\/comments?post=2012"}],"version-history":[{"count":0,"href":"https:\/\/www.campdeski.ch\/wp\/wp-json\/wp\/v2\/pages\/2012\/revisions"}],"wp:attachment":[{"href":"https:\/\/www.campdeski.ch\/wp\/wp-json\/wp\/v2\/media?parent=2012"}],"curies":[{"name":"wp","href":"https:\/\/api.w.org\/{rel}","templated":true}]}}