{"id":2108,"date":"2016-02-14T19:56:13","date_gmt":"2016-02-14T18:56:13","guid":{"rendered":"http:\/\/www.campdeski.ch\/?page_id=2108"},"modified":"2016-02-14T19:57:16","modified_gmt":"2016-02-14T18:57:16","slug":"camp-2011","status":"publish","type":"page","link":"https:\/\/www.campdeski.ch\/wp\/news\/camp-2011\/","title":{"rendered":"Camp 2011"},"content":{"rendered":"<h3>25.03.2011 17:30 : C&rsquo;est fini pour 2011<\/h3>\n<table border=\"0\" width=\"100%\" cellspacing=\"2\" cellpadding=\"2\">\n<tbody>\n<tr>\n<td valign=\"top\" width=\"130\">\n<div class=\"gallery-thumb\"><a href=\"http:\/\/www.campdeski.ch\/gallery2\/gallery2.php\/v\/Camp+de+ski+2011+-+Grimentz\/10-vendredi\/\"><img loading=\"lazy\" decoding=\"async\" src=\"http:\/\/www.campdeski.ch\/gallery2\/main.php?g2_view=core.DownloadItem&amp;g2_itemId=4379&amp;g2_serialNumber=2\" alt=\"10 - Vendredi\" width=\"100\" height=\"100\" data-pin-nopin=\"true\" \/><\/a><\/div>\n<\/td>\n<td>Tout le monde est bien rentr\u00e9 \u00e0 la maison, il ne reste plus personne sur la place de parc, juste quelques affaires \u00ab\u00a0perdues\u00a0\u00bb.<\/p>\n<p>Un grand merci \u00e0 toutes les personnes, communes et entreprises qui ont de pr\u00e8s ou de loin contribu\u00e9s \u00e0 la r\u00e9ussite de ce camp de ski.<\/p>\n<p>Et pour terminer ces news 2011, un immense merci aux enfants qui se sont comport\u00e9s comme des chefs durant toute la semaine. Un adieu aux 6\u00e8mes, mais un au-revoir aux autres&#8230; \ud83d\ude09<\/p>\n<p>Voil\u00e0, c&rsquo;est tout pour cette ann\u00e9e et &#8230; \u00e0 l&rsquo;ann\u00e9e prochaine \u00e0 partir du 4 mars !<\/td>\n<\/tr>\n<\/tbody>\n<\/table>\n<hr \/>\n<h3>25.03.2011 00:30 : Voil\u00e0, \u00e7a c&rsquo;est fait &#8230;<\/h3>\n<table border=\"0\" width=\"100%\" cellspacing=\"2\" cellpadding=\"2\">\n<tbody>\n<tr>\n<td valign=\"top\" width=\"130\">\n<div class=\"gallery-thumb\"><a href=\"http:\/\/www.campdeski.ch\/gallery2\/gallery2.php\/v\/Camp+de+ski+2011+-+Grimentz\/9-disco\/\"><img loading=\"lazy\" decoding=\"async\" src=\"http:\/\/www.campdeski.ch\/gallery2\/main.php?g2_view=core.DownloadItem&amp;g2_itemId=4265&amp;g2_serialNumber=2\" alt=\"9 - Disco\" width=\"100\" height=\"100\" \/><\/a><\/div>\n<\/td>\n<td>Voil\u00e0, \u00e7a c&rsquo;est fait : la derni\u00e8re soir\u00e9e des 6 ann\u00e9es au Bouquetin est derri\u00e8re eux. Un peu de tristesse s&rsquo;est lu sur les visages lors du traditionnel verre de champagne \u00ab\u00a0d&rsquo;adieu\u00a0\u00bb, mais pas tr\u00e8s longtemps, je vous rassure.<\/p>\n<p>Ne reste plus que les nettoyages et la rentr\u00e9e en car, et le camp 2011 sera d\u00e9finitivement enterr\u00e9. Merci \u00e0 tous d&rsquo;avoir suivi les p\u00e9rip\u00e9ties des Bouquetinains, de leur avoir \u00ab\u00a0remonter le moral\u00a0\u00bb avec vos petits mots sur notre livre d&rsquo;or et de les accueillir ce vendredi \u00e0 leur descente de car vers les 16h00 \u00e0 Aumont.<\/p>\n<p>Voil\u00e0, c&rsquo;est tout pour aujourd&rsquo;hui et &#8230; \u00e0 toute \u00e0 l&rsquo;heure !<\/td>\n<\/tr>\n<\/tbody>\n<\/table>\n<hr \/>\n<h3>24.03.2011 18:20 : Deuxi\u00e8me journ\u00e9e de \u00ab\u00a0comp\u00e9tition\u00a0\u00bb et &#8230;<\/h3>\n<table border=\"0\" width=\"100%\" cellspacing=\"2\" cellpadding=\"2\">\n<tbody>\n<tr>\n<td valign=\"top\" width=\"130\">\n<div class=\"gallery-thumb\"><a href=\"http:\/\/www.campdeski.ch\/gallery2\/gallery2.php\/v\/Camp+de+ski+2011+-+Grimentz\/7-jeudi\/\"><img loading=\"lazy\" decoding=\"async\" src=\"http:\/\/www.campdeski.ch\/gallery2\/main.php?g2_view=core.DownloadItem&amp;g2_itemId=3833&amp;g2_serialNumber=2\" alt=\"5 - Jeudi\" width=\"100\" height=\"100\" \/><\/a><\/div>\n<div class=\"gallery-thumb\"><a href=\"http:\/\/www.campdeski.ch\/gallery2\/gallery2.php\/v\/Camp+de+ski+2011+-+Grimentz\/8-slalom-novice\/\"><img loading=\"lazy\" decoding=\"async\" src=\"http:\/\/www.campdeski.ch\/gallery2\/main.php?g2_view=core.DownloadItem&amp;g2_itemId=4055&amp;g2_serialNumber=2\" alt=\"5 - Slalom\" width=\"100\" height=\"100\" \/><\/a><\/div>\n<\/td>\n<td>Au cas o\u00f9 la soir\u00e9e remise des prix et disco se prolonge sans fin, voici quelques nouvelles du camp : TOUT VA BIEN !<\/p>\n<p>Le slalom des novices a pu, malgr\u00e9 le soleil et les 20 degr\u00e9s, se d\u00e9rouler dans de bonnes condition. Mais on a quand m\u00eame presque failli rev\u00eatir le costume de bain et faire du ski nautique en pente (comme les belges essaient de la faire depuis des lustres, mais ils n&rsquo;ont toujours pas trouver de lac en pente).<\/p>\n<p>Pour l&rsquo;instant, les couloirs et les chambres des bouebs et et des bouebinettes sont innaprochable tant les effluves de parfum en tout genre sont trop agressives pour les nez les plus et les moins fins. Les miroirs sont \u00e9galement tr\u00e8s solicit\u00e9s surtout \u00e0 l&rsquo;\u00e9tage des filles. Pour l&rsquo;\u00e9tage des gar\u00e7ons, les tubes de gel sont l\u00e9gions et les poign\u00e9es de porte en ressentent les effets. Voil\u00e0 tout est donc pr\u00eat pour cette derni\u00e8re nuit : LA NUIT DES BOUQUETINS !<\/p>\n<p>Voil\u00e0, c&rsquo;est tout pour aujourd&rsquo;hui, bonne soir\u00e9e et (bonne nuit &#8230; si jamais) !<\/td>\n<\/tr>\n<\/tbody>\n<\/table>\n<hr \/>\n<h3>23.03.2011 23:30 : Premi\u00e8re journ\u00e9e de \u00ab\u00a0comp\u00e9tition\u00a0\u00bb<\/h3>\n<table border=\"0\" width=\"100%\" cellspacing=\"2\" cellpadding=\"2\">\n<tbody>\n<tr>\n<td valign=\"top\" width=\"130\">\n<div class=\"gallery-thumb\"><a href=\"http:\/\/www.campdeski.ch\/gallery2\/gallery2.php\/v\/Camp+de+ski+2011+-+Grimentz\/4-mercredi\/\"><img loading=\"lazy\" decoding=\"async\" src=\"http:\/\/www.campdeski.ch\/gallery2\/main.php?g2_view=core.DownloadItem&amp;g2_itemId=3510&amp;g2_serialNumber=2\" alt=\"3 - Mardi\" width=\"100\" height=\"100\" \/><\/a><\/div>\n<\/td>\n<td>Le premier grand rendez-vous du camp a eu lieu dans l&rsquo;apr\u00e8s-midi de ce 4\u00e8me jour de camp : le slalom des Experts et Avanc\u00e9s.<\/p>\n<p>En effet, vers le coup des 14h05 s&rsquo;\u00e9lan\u00e7a le num\u00e9ro 101 sur la piste de Lona 1 pour la premi\u00e8re manche de ce prestigieux slalom de \u00ab\u00a0ceux qui savent\u00a0\u00bb. Quelqu&rsquo;uns savaient faire des virages, quelqu&rsquo;autres savaient se relever apr\u00e8s avoir pris ces m\u00eames virages. Mais \u00e0 chaque fois, l&rsquo;esprit de bien faire a pris le dessus. Apr\u00e8s deux, voir trois passages dans le portillon de d\u00e9part, \u00ab\u00a0ceux qui savent\u00a0\u00bb ont p\u00fb retrouner le coeur encore plus tendu qu&rsquo;avant car encore personne ne sait son temps. Quels cachotiers, ces moniteurs !<\/p>\n<p>Le soir apr\u00e8s le souper : film pour les 3-4 et jeux de soci\u00e9t\u00e9 pour les 5-6.<\/p>\n<p>Le soir de ce 4\u00e8me jour, se d\u00e9roule le deuxi\u00e8me rendez-vous important du camp : la fondue des moniteurs, de la cuinise et des accompagnants ains que la vaisselle des moniteurs. Tous sont maintenant repus gr\u00e2ce \u00e0 la tr\u00e8s bonne fondue moiti\u00e9-moiti\u00e9.<\/p>\n<p>Menu du jour :<br \/>\n-midi : riz casimir<br \/>\n-soir : chicken nuggets et frites (une fois \u00e7a ne fait pas de mal, surtout que les nuggets \u00e9taient excellents)<\/p>\n<p>Anedocte du jour :<br \/>\nOn cherche toujours : la cl\u00e9 du moulin \u00e0 parole, les radios pour les chronom\u00e8treurs, le pain pour la fondue \u00e0 Tito, un bonnet gris et vert du camp de ski d&rsquo;\u00e0 c\u00f4t\u00e9.<br \/>\nSi quelqu&rsquo;un trouve un point commun : pri\u00e8re de le communiquer : cela pourrait r\u00e9soudre pas mal d&rsquo;affaires.<\/p>\n<p>Voil\u00e0, c&rsquo;est tout pour aujourd&rsquo;hui, bonne nuit !<\/td>\n<\/tr>\n<\/tbody>\n<\/table>\n<hr \/>\n<h3>22.03.2011 22:00 : Que soleil et de coups de : soleil, blues, etc&#8230;<\/h3>\n<table border=\"0\" width=\"100%\" cellspacing=\"2\" cellpadding=\"2\">\n<tbody>\n<tr>\n<td valign=\"top\" width=\"130\">\n<div class=\"gallery-thumb\"><a href=\"http:\/\/www.campdeski.ch\/gallery2\/gallery2.php\/v\/Camp+de+ski+2011+-+Grimentz\/3-mardi\/\"><img loading=\"lazy\" decoding=\"async\" src=\"http:\/\/www.campdeski.ch\/gallery2\/main.php?g2_view=core.DownloadItem&amp;g2_itemId=3092&amp;g2_serialNumber=2\" alt=\"3 - Mardi\" width=\"100\" height=\"100\" \/><\/a><\/div>\n<\/td>\n<td>Contrairement au jour pr\u00e9c\u00e9dent, le jour s&rsquo;est lev\u00e9 sur une immensit\u00e9 de silence au Bouquetin : personne dans les couloirs, personne au r\u00e9fectoire, juste quelque bruit provenant de la cuisine et c&rsquo;\u00e9tait tout ! Mais o\u00f9 \u00e9tait pass\u00e9 le vacarme \u00e9tourdissant de la veille ? Avions-nous encore des oreilles ? Etrange impression que d&rsquo;entendre le bruit de sa respiration en sachant qu&rsquo;\u00e0 tous les \u00e9tages du b\u00e2timent, il y a quelques 80 bouquetinains! Plaisir de courte dur\u00e9e en fait. 5 minutes suffit pour que la clameur se fasse r\u00e9entendre : c&rsquo;\u00e9tait reparti pour une journ\u00e9e de soleil plus proche du paradis que de la Broye.<\/p>\n<p>Une journ\u00e9e sans probl\u00e8me donc, mis-\u00e0-part : les coups de soleil qui fleurissent par-ci,par-l\u00e0, les coups de blues qui se laissent consoler par nos samas et les coups de blancs qui se vident trop vide, ainsi que quelque petit bobos \u00ab\u00a0dans la t\u00eate\u00a0\u00bb qui se soignent par un petit bandage qui fait joli et rend fier son porteur.<\/p>\n<p>Le soir apr\u00e8s le souper : film pour les 5-6 et jeux de soci\u00e9t\u00e9 pour les 3-4.<\/p>\n<p>Menu du jour :<br \/>\n-midi : steak h\u00e2ch\u00e9 \u00ab\u00a0maison\u00a0\u00bb, pur\u00e9e, haricots aux lardons<br \/>\n-soir : schublig ou saucisse de veau, diverses salades<\/p>\n<p>Anedocte du jour :<br \/>\nLe moniteur : \u00ab\u00a0Alors les p&rsquo;tits, on va au panorama ?\u00a0\u00bb<br \/>\nLes p&#8217;tis gars : \u00ab\u00a0Ouaaaissss !!!\u00a0\u00bb<br \/>\nLe moniteur : \u00ab\u00a0Super, mais alors personne ne tombe \u00e0 l&rsquo;assiette !\u00a0\u00bb<br \/>\nLes p&#8217;tis gars : \u00ab\u00a0Oui, oui, ok &#8230;\u00a0\u00bb<br \/>\n2mim 32sec plus tard et quelques centaines de m\u00e8tre apr\u00e9s le d\u00e9part du tir-fesses&#8230;<br \/>\nLe moniteur : \u00ab\u00a0aaaaarhhhhh &#8230; m.r.e ! \u00a0\u00bb<br \/>\net en se relevant il cria aux p&rsquo;tits gars : \u00ab\u00a0attendez-moi en haut, je redescends prendre l&rsquo;assiette et j&rsquo;arrive !\u00a0\u00bb<br \/>\nLes p&rsquo;tits gars : \u00ab\u00a0Ok, Patrick!\u00a0\u00bb<\/p>\n<p>Voil\u00e0, c&rsquo;est tout pour aujourd&rsquo;hui, bonne nuit !<\/td>\n<\/tr>\n<\/tbody>\n<\/table>\n<hr \/>\n<h3>21.03.2011 23:30 : Le printemps est arriv\u00e9 .. m\u00eame \u00e0 Grimentz<\/h3>\n<table border=\"0\" width=\"100%\" cellspacing=\"2\" cellpadding=\"2\">\n<tbody>\n<tr>\n<td valign=\"top\" width=\"130\">\n<div class=\"gallery-thumb\"><a href=\"http:\/\/www.campdeski.ch\/gallery2\/gallery2.php\/v\/Camp+de+ski+2011+-+Grimentz\/2-lundi\/\"><img loading=\"lazy\" decoding=\"async\" src=\"http:\/\/www.campdeski.ch\/gallery2\/main.php?g2_view=core.DownloadItem&amp;g2_itemId=2618&amp;g2_serialNumber=2\" alt=\"2 - Lundi\" width=\"100\" height=\"100\" \/><\/a><\/div>\n<\/td>\n<td>Ohhlalalalalala &#8230; la nuit ne s&rsquo;est pas termin\u00e9e comme elle avait commenc\u00e9 malgr\u00e9 les cierges br\u00fbl\u00e9s pour la Saint-Joseph.<\/p>\n<p>En effet, le r\u00e9veil de ce premier jour de printemps ne s&rsquo;est pas fait dans le gazou\u00eflli gracieux de gais pinsons et autres chanteurs des bois aux alentours du chalais, mais par le crissement des planchers puis les hurlements des de la faune \u00e0 l&rsquo;int\u00e9rieur des Bouquetins : un petit coup d&rsquo;oeil sur l&rsquo;Iphone pour voir si le r\u00e9veil que l&rsquo;on avait programm\u00e9 \u00e0 6h45 ne s&rsquo;\u00e9tait pas enclench\u00e9 : malheureusement non, son horloge marquait bien 5h39 &#8230; zut, donc encore une heure \u00e0 attendre l&rsquo;heure de r\u00e9veil officielle !<\/p>\n<p>Mais, apparement, les cierges de Saint-Joseph ont quand m\u00eame \u00e9t\u00e9 b\u00e9n\u00e9fiques pour le temps : soleil, soleil et soleil. Cr\u00eame solaire obligatoire en plus du casque obligatoire et de la liste obligatoire des enfants \u00e0 ne pas perdre sur les pistes.<\/p>\n<p>La matin\u00e9e ainsi que l&rsquo;apr\u00e8s-midi se sont donc d\u00e9roul\u00e9es comme sur des roulettes : les groupes form\u00e9s puis \u00ab\u00a0d\u00e9\u00a0\u00bbform\u00e9s et encore reform\u00e9s (d&rsquo;o\u00f9 la liste cit\u00e9e plus haut), les moniteurs plein d&rsquo;entrain, une cuisine au top et des samaritaines au ch\u00f4mage techinique.<\/p>\n<p>Le soir apr\u00e8s le souper : le grand show du T\u00e9l\u00e9-Bouquetins, je vous laisse appr\u00e9cier le reportage photo du jour.<\/p>\n<p>Menu du jour :<br \/>\n-midi : tranch\u00e9 pan\u00e9e de poulet d&rsquo;Aumont, gratin de choux-fleur d&rsquo;ailleurs et frites belges.<br \/>\n-soir : spaghetti bolognaise du \u00ab\u00a0Rendez-vous\u00a0\u00bb, salade de ma\u00efs et verte<\/p>\n<p>Anedocte du jour :<br \/>\nLe moniteur : \u00ab\u00a0Alice, t&rsquo;as vu l\u00e0-bas ? c&rsquo;est quoi ce truc ?\u00a0\u00bb<br \/>\nAlice : \u00ab\u00a0biiiinnn&#8230; un barrage ?\u00a0\u00bb<br \/>\nLe moniteur : \u00ab\u00a0Bien!!! &#8230; et \u00e7a sert \u00e0 quoi un barrage ?\u00a0\u00bb<br \/>\nAlice : \u00ab\u00a0biiiinnn&#8230; \u00e0 &#8230;. \u00e0 barrager !\u00a0\u00bb<\/p>\n<p>Voil\u00e0, c&rsquo;est tout pour aujourd&rsquo;hui, bonne nuit !<\/td>\n<\/tr>\n<\/tbody>\n<\/table>\n<hr \/>\n<h3>20.03.2011 23:30 : La premi\u00e8re nuit semble calme<\/h3>\n<table border=\"0\" width=\"100%\" cellspacing=\"2\" cellpadding=\"2\">\n<tbody>\n<tr>\n<td valign=\"top\" width=\"130\">\n<div class=\"gallery-thumb\"><a href=\"http:\/\/www.campdeski.ch\/gallery2\/gallery2.php\/v\/Camp+de+ski+2011+-+Grimentz\/1-dimanche\/\"><img loading=\"lazy\" decoding=\"async\" src=\"http:\/\/www.campdeski.ch\/gallery2\/main.php?g2_view=core.DownloadItem&amp;g2_itemId=2388&amp;g2_serialNumber=2\" alt=\"1 - Dimanche\" width=\"100\" height=\"100\" \/><\/a><\/div>\n<\/td>\n<td>Voil\u00e0 la premi\u00e8re journ\u00e9e \u00e0 Grimentz se termine gentiment : les bouebs sont couch\u00e9s et tr\u00e8s fatigu\u00e9s pour une fois.<\/p>\n<p>En effet juste apr\u00e8s le souper et afin de profiter du bon air de la montagne, tous les pensionnaires du Bouquetin se sont vu offrir une ballage au clair de flambeau. Une bonne grosse heure de marche en direction des alpages, parsem\u00e9e de questions concernant les r\u00e8gles de conduite sur les pistes de ski. Les voil\u00e0 tous au fond du sac de couchage.<\/p>\n<p>Pour ce qui c&rsquo;est pass\u00e9 avant le souper reste la routine du d\u00e9but du camp : arriv\u00e9e du car, d\u00e9chargement des affaires, prise des chambres, portage des skis au d\u00e9part du t\u00e9l\u00e9cabine pour les uns, locations de ski pour les autres, achat des premi\u00e8res cartes postales, retour en chambre, faire son lit, d\u00e9faire la valise, et souper.<\/p>\n<p>Pour les adultes : c&rsquo;\u00e9tait www.broye.ch\/elections &#8230;<\/p>\n<p>Voil\u00e0, c&rsquo;est tout pour aujourd&rsquo;hui, bonne nuit !<\/p>\n<p>PS: Une petite pens\u00e9e pour Pierre B. qui a malheureusement d\u00fb redescendre dans le brouillard suite \u00e0 un ennui de pouces.<\/td>\n<\/tr>\n<\/tbody>\n<\/table>\n<hr \/>\n<h3>20.03.2011 17:00 : Ils sont l\u00e0, tous &#8230; !<\/h3>\n<table border=\"0\" width=\"100%\" cellspacing=\"2\" cellpadding=\"2\">\n<tbody>\n<tr>\n<td valign=\"top\" width=\"130\">\n<div class=\"gallery-thumb\"><a href=\"http:\/\/www.campdeski.ch\/gallery2\/gallery2.php\/v\/Camp+de+ski+2011+-+Grimentz\/1-dimanche\/\"><img loading=\"lazy\" decoding=\"async\" src=\"http:\/\/www.campdeski.ch\/gallery2\/main.php?g2_view=core.DownloadItem&amp;g2_itemId=2228&amp;g2_serialNumber=2\" alt=\"1 - Dimanche\" width=\"100\" height=\"100\" \/><\/a><\/div>\n<\/td>\n<td>Le calme n&rsquo;est plus que pour vous \u00e0 la maison ; pour nous en haut: c&rsquo;est cuit !<\/td>\n<\/tr>\n<\/tbody>\n<\/table>\n<hr \/>\n<h3>20.03.2011 14:13 : Quel calme !<\/h3>\n<table border=\"0\" width=\"100%\" cellspacing=\"2\" cellpadding=\"2\">\n<tbody>\n<tr>\n<td valign=\"top\" width=\"130\">\n<div class=\"gallery-thumb\"><a href=\"http:\/\/www.campdeski.ch\/gallery2\/gallery2.php\/v\/Camp+de+ski+2011+-+Grimentz\/Videos+-+2011\/\"><img loading=\"lazy\" decoding=\"async\" src=\"http:\/\/www.campdeski.ch\/gallery2\/main.php?g2_view=core.DownloadItem&amp;g2_itemId=2199&amp;g2_serialNumber=2\" alt=\"Les vid\u00e9os du camp 2011\" width=\"100\" height=\"100\" \/><\/a><\/div>\n<\/td>\n<td>Quel calme autant pour vous que pour nous &#8230; enfin pour l&rsquo;instant. Pas encore de car en vue &#8230; profitons !<\/td>\n<\/tr>\n<\/tbody>\n<\/table>\n<hr \/>\n<h1>19.03.2011 : Voil\u00e0, demain c&rsquo;est la Poya des \u00e9coles qui commence<\/h1>\n<table border=\"0\" width=\"100%\" cellspacing=\"2\" cellpadding=\"2\">\n<tbody>\n<tr>\n<td valign=\"top\" width=\"130\"><img loading=\"lazy\" decoding=\"async\" src=\"https:\/\/i0.wp.com\/www.campdeski.ch\/calendrier.jpg?resize=75%2C60\" alt=\"Dates du camp de ski 2011\" width=\"75\" height=\"60\" border=\"0\" data-recalc-dims=\"1\" \/><\/td>\n<td>Les valises sont fa\u00eetes, les r\u00e9serves pour la semaine sont emp\u00e2quet\u00e9es et charg\u00e9es, les chars sont attel\u00e9s aux chevaux, les bredzons sont repass\u00e9s et les bouebs et bouebinettes sont pr\u00eats pour leur 1\u00e8re, 2\u00e8me voir 3\u00e8me mont\u00e9e \u00e0 l&rsquo;alpage de Bendolla. Manque plus que le cocher du char&#8230; uuh &#8230; le chauffeur et son car.<\/p>\n<p>Mais dans le cas, impropable, o\u00f9 les derniers pr\u00e9paratifs ne seraient pas encore termin\u00e9s, une petite aide pour le bouclage de la malle ou de sa valise ,se trouve <a href=\"http:\/\/www.campdeski.ch\/parents.php?parent=trousseau\">en cliquant ici !<\/a><\/p>\n<table border=\"0\" width=\"100%\" cellspacing=\"10\" cellpadding=\"0\">\n<tbody>\n<tr>\n<td valign=\"top\">Le point \u00e0 ne pas oublier pour ne pas recevoir de coups de sabots directement sur le cr\u00e2ne lors de la traite:<br \/>\n&#8211;<strong>Le port du casque OBLIGATOIRE pour toutes les cat\u00e9gories de ski et de snowboard !<\/strong><\/td>\n<\/tr>\n<\/tbody>\n<\/table>\n<\/td>\n<\/tr>\n<\/tbody>\n<\/table>\n<hr \/>\n<h3>12.03.2011 : Plus que 8 jours avant la grande tranquilit\u00e9 &#8230;&#8230; \ud83d\ude09<\/h3>\n<table border=\"0\" width=\"100%\" cellspacing=\"2\" cellpadding=\"2\">\n<tbody>\n<tr>\n<td valign=\"top\" width=\"130\"><img loading=\"lazy\" decoding=\"async\" src=\"https:\/\/i0.wp.com\/www.campdeski.ch\/calendrier.jpg?resize=75%2C60\" alt=\"Dates du camp de ski 2010\" width=\"75\" height=\"60\" border=\"0\" data-recalc-dims=\"1\" \/><\/td>\n<td>Les vacances des enfants sont presque finies, mais celle des parents vont commencer dans quelques jours&#8230;<\/p>\n<p>En effet, dans une semaine, commencera la tant attendue semaine de ski \u00e0 Grimentz : quelques petits jours avant une semaine d&rsquo;une tranquilit\u00e9e absolue, de c\u00e2lins sans \u00eatre d\u00e9rang\u00e9s par des questions embarassantes : \u00ab\u00a0Dit papa?, comment la vache met le lait dans la bouteille ?\u00a0\u00bb, une semaine sans devoir se lever aux aurores pour aller accompagner ses marmots \u00e0 l&rsquo;\u00e9cole, une semaine de petits soupers aux chandelles \u00ab\u00a0comme au bon vieux temps\u00a0\u00bb, ahhh .. que du bonheur !<\/p>\n<p>Mais qu&rsquo;est-ce que je dit l\u00e0 ? C&rsquo;est pas le temps de parler des parents, ce sont bien les enfants qui partent en vacances de neige, non ?<\/p>\n<p><b>Donc retour aux pr\u00e9paratifs:<\/b><\/p>\n<p>M\u00eame s&rsquo;il vous reste encore un peu de temps pour pr\u00e9parer <a href=\"http:\/\/www.campdeski.ch\/parents.php?parent=trousseau\">la valise<\/a> et comme il faut toujours mieux pr\u00e9venir que gu\u00e9rir&#8230;<\/p>\n<table border=\"0\" width=\"100%\" cellspacing=\"10\" cellpadding=\"0\">\n<tbody>\n<tr>\n<td valign=\"top\">&#8230; voici quelques conseils avant d&#8217;emprunter les pistes enneig\u00e9es:<\/p>\n<p>&#8211;<strong>port du casque OBLIGATOIRE pour toutes les cat\u00e9gories de ski et de snowboard<\/strong><br \/>\n-gants avec protection des poignets \u00e9galement recommand\u00e9 pour le snowboard,<br \/>\n&#8211;<a title=\"Directives SKUS\" href=\"http:\/\/www.bfu.ch\/French\/sport\/schneesport\/Pages\/Pistengeist.aspx\" target=\"_blank\">les r\u00e8gles du skieur et du snowboarder<\/a><\/td>\n<td><a title=\"Les Campagnes du BPA\" href=\"http:\/\/www.protegetoi.ch\/\" target=\"_blank\"><img decoding=\"async\" src=\"https:\/\/i0.wp.com\/www.campdeski.ch\/images\/bfu_F12-Plakat_helm_f.jpg?w=474\" alt=\"Pourquoi une protection pour le ski?\" border=\"0\" data-recalc-dims=\"1\" \/><\/a><\/td>\n<\/tr>\n<\/tbody>\n<\/table>\n<p>PS: pour le camp de Cugy\/Vesin : c&rsquo;est plus ici mais par l\u00e0 : <a href=\"http:\/\/www.campdeskicugyvesin.ch\/\">www.campdeskicugyvesin.ch<\/a><\/td>\n<\/tr>\n<\/tbody>\n<\/table>\n<hr \/>\n<h3>19.02.2011: Moins de 30 jours avant le d\u00e9part<\/h3>\n<table border=\"0\" width=\"100%\" cellspacing=\"2\" cellpadding=\"2\">\n<tbody>\n<tr>\n<td valign=\"top\" width=\"130\"><img loading=\"lazy\" decoding=\"async\" src=\"https:\/\/i0.wp.com\/www.campdeski.ch\/calendrier.jpg?resize=75%2C60\" alt=\"Dates du camp de ski 2011\" width=\"75\" height=\"60\" border=\"0\" data-recalc-dims=\"1\" \/><\/td>\n<td>Les dates du camp pour 2011 sont les suivantes:<\/p>\n<p>Les Montets-Nuvilly : du 20 au 25 mars 2011<\/p>\n<p>&#8230; et n&rsquo;oubliez pas :<br \/>\n<b>le camp c&rsquo;est l&rsquo;pied !!!<\/b><\/p>\n<p><img decoding=\"async\" src=\"https:\/\/i0.wp.com\/www.campdeski.ch\/galerie\/albums\/77\/small\/cski-09-jeudi-171.jpg?w=474\" alt=\"C'est le pied ...\" border=\"0\" data-recalc-dims=\"1\" \/><\/td>\n<\/tr>\n<\/tbody>\n<\/table>\n","protected":false},"excerpt":{"rendered":"<p>25.03.2011 17:30 : C&rsquo;est fini pour 2011 Tout le monde est bien rentr\u00e9 \u00e0 la maison, il ne reste plus personne sur la place de parc, juste quelques affaires \u00ab\u00a0perdues\u00a0\u00bb. Un grand merci \u00e0 toutes les personnes, communes et entreprises qui ont de pr\u00e8s ou de loin contribu\u00e9s \u00e0 la r\u00e9ussite de ce camp de &hellip; <a href=\"https:\/\/www.campdeski.ch\/wp\/news\/camp-2011\/\" class=\"more-link\">Continuer la lecture de <span class=\"screen-reader-text\">Camp 2011<\/span>  <span class=\"meta-nav\">&rarr;<\/span><\/a><\/p>\n","protected":false},"author":1,"featured_media":0,"parent":603,"menu_order":42,"comment_status":"closed","ping_status":"closed","template":"page-templates\/full-width.php","meta":{"ngg_post_thumbnail":0,"jetpack_post_was_ever_published":false,"footnotes":""},"jetpack_shortlink":"https:\/\/wp.me\/P7feXS-y0","jetpack_sharing_enabled":true,"_links":{"self":[{"href":"https:\/\/www.campdeski.ch\/wp\/wp-json\/wp\/v2\/pages\/2108"}],"collection":[{"href":"https:\/\/www.campdeski.ch\/wp\/wp-json\/wp\/v2\/pages"}],"about":[{"href":"https:\/\/www.campdeski.ch\/wp\/wp-json\/wp\/v2\/types\/page"}],"author":[{"embeddable":true,"href":"https:\/\/www.campdeski.ch\/wp\/wp-json\/wp\/v2\/users\/1"}],"replies":[{"embeddable":true,"href":"https:\/\/www.campdeski.ch\/wp\/wp-json\/wp\/v2\/comments?post=2108"}],"version-history":[{"count":0,"href":"https:\/\/www.campdeski.ch\/wp\/wp-json\/wp\/v2\/pages\/2108\/revisions"}],"up":[{"embeddable":true,"href":"https:\/\/www.campdeski.ch\/wp\/wp-json\/wp\/v2\/pages\/603"}],"wp:attachment":[{"href":"https:\/\/www.campdeski.ch\/wp\/wp-json\/wp\/v2\/media?parent=2108"}],"curies":[{"name":"wp","href":"https:\/\/api.w.org\/{rel}","templated":true}]}}